{"id":29118,"date":"2022-12-20T12:13:53","date_gmt":"2022-12-20T12:13:53","guid":{"rendered":"https:\/\/englishonline.britishcouncil.org\/?page_id=29118"},"modified":"2025-10-17T13:35:04","modified_gmt":"2025-10-17T11:35:04","slug":"ingilizce-kendi-kendine-calisma","status":"publish","type":"page","link":"https:\/\/englishonline-dev.wildoomlab.com\/tr\/ingilizce-kendi-kendine-calisma\/","title":{"rendered":"\u00c7evrimi\u00e7i Kendine Kendine \u00c7al\u0131\u015fma Kursu"},"content":{"rendered":"","protected":false},"excerpt":{"rendered":"","protected":false},"author":6,"featured_media":0,"parent":0,"menu_order":138,"comment_status":"closed","ping_status":"closed","template":"page-hero.php","meta":{"_acf_changed":false,"inline_featured_image":false,"footnotes":""},"class_list":["post-29118","page","type-page","status-publish","hentry","page_product_category-self-study"],"acf":[],"_links":{"self":[{"href":"https:\/\/englishonline-dev.wildoomlab.com\/tr\/wp-json\/wp\/v2\/pages\/29118","targetHints":{"allow":["GET"]}}],"collection":[{"href":"https:\/\/englishonline-dev.wildoomlab.com\/tr\/wp-json\/wp\/v2\/pages"}],"about":[{"href":"https:\/\/englishonline-dev.wildoomlab.com\/tr\/wp-json\/wp\/v2\/types\/page"}],"author":[{"embeddable":true,"href":"https:\/\/englishonline-dev.wildoomlab.com\/tr\/wp-json\/wp\/v2\/users\/6"}],"replies":[{"embeddable":true,"href":"https:\/\/englishonline-dev.wildoomlab.com\/tr\/wp-json\/wp\/v2\/comments?post=29118"}],"version-history":[{"count":1,"href":"https:\/\/englishonline-dev.wildoomlab.com\/tr\/wp-json\/wp\/v2\/pages\/29118\/revisions"}],"predecessor-version":[{"id":63173,"href":"https:\/\/englishonline-dev.wildoomlab.com\/tr\/wp-json\/wp\/v2\/pages\/29118\/revisions\/63173"}],"wp:attachment":[{"href":"https:\/\/englishonline-dev.wildoomlab.com\/tr\/wp-json\/wp\/v2\/media?parent=29118"}],"curies":[{"name":"wp","href":"https:\/\/api.w.org\/{rel}","templated":true}]}}