{"id":64304,"date":"2025-12-04T13:32:04","date_gmt":"2025-12-04T12:32:04","guid":{"rendered":"https:\/\/englishonline.britishcouncil.org\/?page_id=64304"},"modified":"2025-12-04T13:32:04","modified_gmt":"2025-12-04T12:32:04","slug":"ogrenci-davranis-kurallari","status":"publish","type":"page","link":"https:\/\/englishonline-dev.wildoomlab.com\/tr\/ogrenci-davranis-kurallari\/","title":{"rendered":"\u00d6\u011frenci Davran\u0131\u015f Kurallar\u0131"},"content":{"rendered":"","protected":false},"excerpt":{"rendered":"","protected":false},"author":7,"featured_media":0,"parent":0,"menu_order":149,"comment_status":"closed","ping_status":"closed","template":"","meta":{"_acf_changed":false,"inline_featured_image":false,"footnotes":""},"class_list":["post-64304","page","type-page","status-publish","hentry"],"acf":[],"_links":{"self":[{"href":"https:\/\/englishonline-dev.wildoomlab.com\/tr\/wp-json\/wp\/v2\/pages\/64304","targetHints":{"allow":["GET"]}}],"collection":[{"href":"https:\/\/englishonline-dev.wildoomlab.com\/tr\/wp-json\/wp\/v2\/pages"}],"about":[{"href":"https:\/\/englishonline-dev.wildoomlab.com\/tr\/wp-json\/wp\/v2\/types\/page"}],"author":[{"embeddable":true,"href":"https:\/\/englishonline-dev.wildoomlab.com\/tr\/wp-json\/wp\/v2\/users\/7"}],"replies":[{"embeddable":true,"href":"https:\/\/englishonline-dev.wildoomlab.com\/tr\/wp-json\/wp\/v2\/comments?post=64304"}],"version-history":[{"count":1,"href":"https:\/\/englishonline-dev.wildoomlab.com\/tr\/wp-json\/wp\/v2\/pages\/64304\/revisions"}],"predecessor-version":[{"id":64305,"href":"https:\/\/englishonline-dev.wildoomlab.com\/tr\/wp-json\/wp\/v2\/pages\/64304\/revisions\/64305"}],"wp:attachment":[{"href":"https:\/\/englishonline-dev.wildoomlab.com\/tr\/wp-json\/wp\/v2\/media?parent=64304"}],"curies":[{"name":"wp","href":"https:\/\/api.w.org\/{rel}","templated":true}]}}